{"id":706,"date":"2024-11-26T12:27:11","date_gmt":"2024-11-26T11:27:11","guid":{"rendered":"https:\/\/woodtradenordic.com\/?post_type=product&#038;p=706"},"modified":"2024-11-26T12:33:49","modified_gmt":"2024-11-26T11:33:49","slug":"inflame-8mm-egetrae-traepiller","status":"publish","type":"product","link":"https:\/\/woodtradenordic.com\/da\/index.php\/vare\/inflame-8mm-egetrae-traepiller\/","title":{"rendered":"Inflame 8mm egetr\u00e6 tr\u00e6piller"},"content":{"rendered":"","protected":false},"excerpt":{"rendered":"<p><strong>Inflame 8mm Egetr\u00e6spiller \u2013 Premium Kvalitet til Maksimal Varme<\/strong><\/p>\n<p>Inflame 8mm egetr\u00e6spiller er til dig, der v\u00e6gter h\u00f8j kvalitet og effektivitet. Fremstillet af 100% egetr\u00e6 uden tils\u00e6tningsstoffer eller bindemidler sikrer disse tr\u00e6piller en ren og milj\u00f8venlig forbr\u00e6nding.<\/p>\n<h3>N\u00f8glefunktioner:<\/h3>\n<ul>\n<li><strong>F\u00f8rsteklasses Materiale:<\/strong> 100% rent egetr\u00e6, som giver en h\u00f8j energit\u00e6thed og langvarig varme.<\/li>\n<li><strong>H\u00f8j Effektivitet:<\/strong> Lavt askeindhold (&lt;0,5%) reducerer vedligeholdelse og sikrer en ren forbr\u00e6nding.<\/li>\n<li><strong>Milj\u00f8venlige:<\/strong> Produceret b\u00e6redygtigt for at sk\u00e5ne milj\u00f8et.<\/li>\n<li><strong>Universal Anvendelse:<\/strong> Velegnet til alle typer pilleovne, kedler og fyringsanl\u00e6g, der bruger 8mm piller.<\/li>\n<\/ul>\n<p>Perfekt til b\u00e5de opvarmning af dit hjem og til industrielle systemer. Inflame 8mm egetr\u00e6spiller leverer en ensartet ydeevne og fremragende varme, s\u00e5 du f\u00e5r b\u00e5de komfort og \u00f8konomisk fordel.<\/p>\n<p>L\u00f8ft din opvarmningsoplevelse med Inflame \u2013 det p\u00e5lidelige valg inden for premium tr\u00e6piller.<\/p>\n","protected":false},"featured_media":687,"comment_status":"open","ping_status":"closed","template":"","meta":{"_acf_changed":false,"om_disable_all_campaigns":false,"_monsterinsights_skip_tracking":false,"_monsterinsights_sitenote_active":false,"_monsterinsights_sitenote_note":"","_monsterinsights_sitenote_category":0,"site-sidebar-layout":"default","site-content-layout":"","ast-site-content-layout":"default","site-content-style":"default","site-sidebar-style":"default","ast-global-header-display":"","ast-banner-title-visibility":"","ast-main-header-display":"","ast-hfb-above-header-display":"","ast-hfb-below-header-display":"","ast-hfb-mobile-header-display":"","site-post-title":"","ast-breadcrumbs-content":"","ast-featured-img":"","footer-sml-layout":"","theme-transparent-header-meta":"default","adv-header-id-meta":"","stick-header-meta":"","header-above-stick-meta":"","header-main-stick-meta":"","header-below-stick-meta":"","astra-migrate-meta-layouts":"set","ast-page-background-enabled":"default","ast-page-background-meta":{"desktop":{"background-color":"var(--ast-global-color-4)","background-image":"","background-repeat":"repeat","background-position":"center center","background-size":"auto","background-attachment":"scroll","background-type":"","background-media":"","overlay-type":"","overlay-color":"","overlay-gradient":""},"tablet":{"background-color":"","background-image":"","background-repeat":"repeat","background-position":"center center","background-size":"auto","background-attachment":"scroll","background-type":"","background-media":"","overlay-type":"","overlay-color":"","overlay-gradient":""},"mobile":{"background-color":"","background-image":"","background-repeat":"repeat","background-position":"center center","background-size":"auto","background-attachment":"scroll","background-type":"","background-media":"","overlay-type":"","overlay-color":"","overlay-gradient":""}},"ast-content-background-meta":{"desktop":{"background-color":"var(--ast-global-color-5)","background-image":"","background-repeat":"repeat","background-position":"center center","background-size":"auto","background-attachment":"scroll","background-type":"","background-media":"","overlay-type":"","overlay-color":"","overlay-gradient":""},"tablet":{"background-color":"var(--ast-global-color-5)","background-image":"","background-repeat":"repeat","background-position":"center center","background-size":"auto","background-attachment":"scroll","background-type":"","background-media":"","overlay-type":"","overlay-color":"","overlay-gradient":""},"mobile":{"background-color":"var(--ast-global-color-5)","background-image":"","background-repeat":"repeat","background-position":"center center","background-size":"auto","background-attachment":"scroll","background-type":"","background-media":"","overlay-type":"","overlay-color":"","overlay-gradient":""}}},"product_cat":[],"product_tag":[30],"acf":[],"aioseo_notices":[],"jetpack_sharing_enabled":true,"_links":{"self":[{"href":"https:\/\/woodtradenordic.com\/da\/index.php\/wp-json\/wp\/v2\/product\/706"}],"collection":[{"href":"https:\/\/woodtradenordic.com\/da\/index.php\/wp-json\/wp\/v2\/product"}],"about":[{"href":"https:\/\/woodtradenordic.com\/da\/index.php\/wp-json\/wp\/v2\/types\/product"}],"replies":[{"embeddable":true,"href":"https:\/\/woodtradenordic.com\/da\/index.php\/wp-json\/wp\/v2\/comments?post=706"}],"wp:featuredmedia":[{"embeddable":true,"href":"https:\/\/woodtradenordic.com\/da\/index.php\/wp-json\/wp\/v2\/media\/687"}],"wp:attachment":[{"href":"https:\/\/woodtradenordic.com\/da\/index.php\/wp-json\/wp\/v2\/media?parent=706"}],"wp:term":[{"taxonomy":"product_cat","embeddable":true,"href":"https:\/\/woodtradenordic.com\/da\/index.php\/wp-json\/wp\/v2\/product_cat?post=706"},{"taxonomy":"product_tag","embeddable":true,"href":"https:\/\/woodtradenordic.com\/da\/index.php\/wp-json\/wp\/v2\/product_tag?post=706"}],"curies":[{"name":"wp","href":"https:\/\/api.w.org\/{rel}","templated":true}]}}