{"id":609,"date":"2024-10-08T22:14:40","date_gmt":"2024-10-08T20:14:40","guid":{"rendered":"https:\/\/woodtradenordic.com\/?post_type=product&#038;p=609"},"modified":"2024-11-26T12:19:24","modified_gmt":"2024-11-26T11:19:24","slug":"rodos","status":"publish","type":"product","link":"https:\/\/woodtradenordic.com\/da\/index.php\/vare\/rodos\/","title":{"rendered":"RODOS"},"content":{"rendered":"<p>Introducing RODOS Wood Pellets from Ukraine<\/p>\n<p>RODOS Wood Pellets are a top-quality heating solution from Ukraine. Made with care from locally sourced wood, they offer consistent performance and reliability. With a focus on sustainability, RODOS ensures that every pellet is environmentally friendly. Whether for home or industrial use, RODOS Wood Pellets deliver efficient heating you can count on. Choose RODOS for warmth you can trust.<\/p>\n","protected":false},"excerpt":{"rendered":"<div class=\"flex max-w-full flex-col flex-grow\">\n<div class=\"min-h-8 text-message flex w-full flex-col items-end gap-2 whitespace-normal break-words [.text-message+&amp;]:mt-5\" dir=\"auto\" data-message-author-role=\"assistant\" data-message-id=\"62f9c0f2-3e20-4ae8-af70-1b2ff32b240a\" data-message-model-slug=\"gpt-4o\">\n<div class=\"flex w-full flex-col gap-1 empty:hidden first:pt-[3px]\">\n<div class=\"markdown prose w-full break-words dark:prose-invert dark\">\n<p>RODOS er en af de f\u00f8rende producenter af tr\u00e6piller i Ukraine, kendt for deres engagement i kvalitet og b\u00e6redygtighed. Deres tr\u00e6piller leverer h\u00f8j ydeevne og er et milj\u00f8venligt alternativ til traditionelle br\u00e6ndstoffer. Med en ensartet h\u00f8j br\u00e6ndv\u00e6rdi og minimal askeproduktion, er RODOS tr\u00e6piller et popul\u00e6rt valg blandt b\u00e5de private husholdninger og erhverv, som \u00f8nsker p\u00e5lidelig og effektiv opvarmning.<\/p>\n<\/div>\n<\/div>\n<\/div>\n<\/div>\n<div class=\"mb-2 flex gap-3 empty:hidden -ml-2\">\n<div class=\"items-center justify-start rounded-xl p-1 flex\">\n<div class=\"flex items-center\">\n<p>&nbsp;<\/p>\n<div class=\"flex\"><\/div>\n<div class=\"flex items-center pb-0\"><\/div>\n<\/div>\n<\/div>\n<\/div>\n","protected":false},"featured_media":135,"comment_status":"open","ping_status":"closed","template":"","meta":{"_acf_changed":false,"om_disable_all_campaigns":false,"_monsterinsights_skip_tracking":false,"_monsterinsights_sitenote_active":false,"_monsterinsights_sitenote_note":"","_monsterinsights_sitenote_category":0,"site-sidebar-layout":"default","site-content-layout":"","ast-site-content-layout":"default","site-content-style":"default","site-sidebar-style":"default","ast-global-header-display":"","ast-banner-title-visibility":"","ast-main-header-display":"","ast-hfb-above-header-display":"","ast-hfb-below-header-display":"","ast-hfb-mobile-header-display":"","site-post-title":"","ast-breadcrumbs-content":"","ast-featured-img":"","footer-sml-layout":"","theme-transparent-header-meta":"default","adv-header-id-meta":"","stick-header-meta":"","header-above-stick-meta":"","header-main-stick-meta":"","header-below-stick-meta":"","astra-migrate-meta-layouts":"set","ast-page-background-enabled":"default","ast-page-background-meta":{"desktop":{"background-color":"var(--ast-global-color-4)","background-image":"","background-repeat":"repeat","background-position":"center center","background-size":"auto","background-attachment":"scroll","background-type":"","background-media":"","overlay-type":"","overlay-color":"","overlay-gradient":""},"tablet":{"background-color":"","background-image":"","background-repeat":"repeat","background-position":"center center","background-size":"auto","background-attachment":"scroll","background-type":"","background-media":"","overlay-type":"","overlay-color":"","overlay-gradient":""},"mobile":{"background-color":"","background-image":"","background-repeat":"repeat","background-position":"center center","background-size":"auto","background-attachment":"scroll","background-type":"","background-media":"","overlay-type":"","overlay-color":"","overlay-gradient":""}},"ast-content-background-meta":{"desktop":{"background-color":"var(--ast-global-color-5)","background-image":"","background-repeat":"repeat","background-position":"center center","background-size":"auto","background-attachment":"scroll","background-type":"","background-media":"","overlay-type":"","overlay-color":"","overlay-gradient":""},"tablet":{"background-color":"var(--ast-global-color-5)","background-image":"","background-repeat":"repeat","background-position":"center center","background-size":"auto","background-attachment":"scroll","background-type":"","background-media":"","overlay-type":"","overlay-color":"","overlay-gradient":""},"mobile":{"background-color":"var(--ast-global-color-5)","background-image":"","background-repeat":"repeat","background-position":"center center","background-size":"auto","background-attachment":"scroll","background-type":"","background-media":"","overlay-type":"","overlay-color":"","overlay-gradient":""}}},"product_cat":[],"product_tag":[29],"acf":[],"aioseo_notices":[],"jetpack_sharing_enabled":true,"_links":{"self":[{"href":"https:\/\/woodtradenordic.com\/da\/index.php\/wp-json\/wp\/v2\/product\/609"}],"collection":[{"href":"https:\/\/woodtradenordic.com\/da\/index.php\/wp-json\/wp\/v2\/product"}],"about":[{"href":"https:\/\/woodtradenordic.com\/da\/index.php\/wp-json\/wp\/v2\/types\/product"}],"replies":[{"embeddable":true,"href":"https:\/\/woodtradenordic.com\/da\/index.php\/wp-json\/wp\/v2\/comments?post=609"}],"wp:featuredmedia":[{"embeddable":true,"href":"https:\/\/woodtradenordic.com\/da\/index.php\/wp-json\/wp\/v2\/media\/135"}],"wp:attachment":[{"href":"https:\/\/woodtradenordic.com\/da\/index.php\/wp-json\/wp\/v2\/media?parent=609"}],"wp:term":[{"taxonomy":"product_cat","embeddable":true,"href":"https:\/\/woodtradenordic.com\/da\/index.php\/wp-json\/wp\/v2\/product_cat?post=609"},{"taxonomy":"product_tag","embeddable":true,"href":"https:\/\/woodtradenordic.com\/da\/index.php\/wp-json\/wp\/v2\/product_tag?post=609"}],"curies":[{"name":"wp","href":"https:\/\/api.w.org\/{rel}","templated":true}]}}