{"id":562,"date":"2024-10-08T20:32:59","date_gmt":"2024-10-08T18:32:59","guid":{"rendered":"https:\/\/woodtradenordic.com\/?post_type=product&#038;p=562"},"modified":"2024-11-26T12:19:46","modified_gmt":"2024-11-26T11:19:46","slug":"right-way-pellet","status":"publish","type":"product","link":"https:\/\/woodtradenordic.com\/da\/index.php\/vare\/right-way-pellet\/","title":{"rendered":"Right Way pellet"},"content":{"rendered":"","protected":false},"excerpt":{"rendered":"<div class=\"flex max-w-full flex-col flex-grow\">\n<div class=\"min-h-8 text-message flex w-full flex-col items-end gap-2 whitespace-normal break-words [.text-message+&amp;]:mt-5\" dir=\"auto\" data-message-author-role=\"assistant\" data-message-id=\"7c586e55-7227-4956-a6c1-c359caea01a8\" data-message-model-slug=\"gpt-4o\">\n<div class=\"flex w-full flex-col gap-1 empty:hidden first:pt-[3px]\">\n<div class=\"markdown prose w-full break-words dark:prose-invert dark\">\n<p>Right Way Pellet er en af top-producenterne af kvalitets tr\u00e6piller fra Ukraine. Med fokus p\u00e5 b\u00e6redygtighed og h\u00f8j standard i produktionen leverer de et effektivt, milj\u00f8venligt br\u00e6ndsel, som sikrer optimal varme og energiudnyttelse. Deres produkter er kendt for deres renhed, h\u00f8je br\u00e6ndv\u00e6rdi og konsistente kvalitet, hvilket g\u00f8r dem til et p\u00e5lideligt valg for b\u00e5de private og erhverv.<\/p>\n<\/div>\n<\/div>\n<\/div>\n<\/div>\n<div class=\"mb-2 flex gap-3 empty:hidden -ml-2\">\n<div class=\"items-center justify-start rounded-xl p-1 flex\">\n<div class=\"flex items-center\">\n<p>&nbsp;<\/p>\n<div class=\"flex\"><\/div>\n<div class=\"flex items-center pb-0\"><\/div>\n<\/div>\n<\/div>\n<\/div>\n","protected":false},"featured_media":563,"comment_status":"open","ping_status":"closed","template":"","meta":{"_acf_changed":false,"om_disable_all_campaigns":false,"_monsterinsights_skip_tracking":false,"_monsterinsights_sitenote_active":false,"_monsterinsights_sitenote_note":"","_monsterinsights_sitenote_category":0,"site-sidebar-layout":"default","site-content-layout":"","ast-site-content-layout":"default","site-content-style":"default","site-sidebar-style":"default","ast-global-header-display":"","ast-banner-title-visibility":"","ast-main-header-display":"","ast-hfb-above-header-display":"","ast-hfb-below-header-display":"","ast-hfb-mobile-header-display":"","site-post-title":"","ast-breadcrumbs-content":"","ast-featured-img":"","footer-sml-layout":"","theme-transparent-header-meta":"default","adv-header-id-meta":"","stick-header-meta":"","header-above-stick-meta":"","header-main-stick-meta":"","header-below-stick-meta":"","astra-migrate-meta-layouts":"set","ast-page-background-enabled":"default","ast-page-background-meta":{"desktop":{"background-color":"var(--ast-global-color-4)","background-image":"","background-repeat":"repeat","background-position":"center center","background-size":"auto","background-attachment":"scroll","background-type":"","background-media":"","overlay-type":"","overlay-color":"","overlay-gradient":""},"tablet":{"background-color":"","background-image":"","background-repeat":"repeat","background-position":"center center","background-size":"auto","background-attachment":"scroll","background-type":"","background-media":"","overlay-type":"","overlay-color":"","overlay-gradient":""},"mobile":{"background-color":"","background-image":"","background-repeat":"repeat","background-position":"center center","background-size":"auto","background-attachment":"scroll","background-type":"","background-media":"","overlay-type":"","overlay-color":"","overlay-gradient":""}},"ast-content-background-meta":{"desktop":{"background-color":"var(--ast-global-color-5)","background-image":"","background-repeat":"repeat","background-position":"center center","background-size":"auto","background-attachment":"scroll","background-type":"","background-media":"","overlay-type":"","overlay-color":"","overlay-gradient":""},"tablet":{"background-color":"var(--ast-global-color-5)","background-image":"","background-repeat":"repeat","background-position":"center center","background-size":"auto","background-attachment":"scroll","background-type":"","background-media":"","overlay-type":"","overlay-color":"","overlay-gradient":""},"mobile":{"background-color":"var(--ast-global-color-5)","background-image":"","background-repeat":"repeat","background-position":"center center","background-size":"auto","background-attachment":"scroll","background-type":"","background-media":"","overlay-type":"","overlay-color":"","overlay-gradient":""}}},"product_cat":[],"product_tag":[29],"acf":[],"aioseo_notices":[],"jetpack_sharing_enabled":true,"_links":{"self":[{"href":"https:\/\/woodtradenordic.com\/da\/index.php\/wp-json\/wp\/v2\/product\/562"}],"collection":[{"href":"https:\/\/woodtradenordic.com\/da\/index.php\/wp-json\/wp\/v2\/product"}],"about":[{"href":"https:\/\/woodtradenordic.com\/da\/index.php\/wp-json\/wp\/v2\/types\/product"}],"replies":[{"embeddable":true,"href":"https:\/\/woodtradenordic.com\/da\/index.php\/wp-json\/wp\/v2\/comments?post=562"}],"wp:featuredmedia":[{"embeddable":true,"href":"https:\/\/woodtradenordic.com\/da\/index.php\/wp-json\/wp\/v2\/media\/563"}],"wp:attachment":[{"href":"https:\/\/woodtradenordic.com\/da\/index.php\/wp-json\/wp\/v2\/media?parent=562"}],"wp:term":[{"taxonomy":"product_cat","embeddable":true,"href":"https:\/\/woodtradenordic.com\/da\/index.php\/wp-json\/wp\/v2\/product_cat?post=562"},{"taxonomy":"product_tag","embeddable":true,"href":"https:\/\/woodtradenordic.com\/da\/index.php\/wp-json\/wp\/v2\/product_tag?post=562"}],"curies":[{"name":"wp","href":"https:\/\/api.w.org\/{rel}","templated":true}]}}